{"id":832,"date":"2023-12-17T23:21:23","date_gmt":"2023-12-17T21:21:23","guid":{"rendered":"https:\/\/blog.joraschky.de\/?page_id=832"},"modified":"2023-12-17T23:21:23","modified_gmt":"2023-12-17T21:21:23","slug":"8g0-035-509","status":"publish","type":"page","link":"https:\/\/blog.joraschky.de\/?page_id=832","title":{"rendered":"#8G0 035 509"},"content":{"rendered":"\n<h2>Audi Cabriolet Typ 89<\/h2>\n\n\n\n<figure class=\"wp-block-image size-large is-resized is-style-rounded\"><a href=\"https:\/\/blog.joraschky.de\/wp-uploads\/2023\/12\/8G0-035-509-A-Deckel-scaled.jpg\"><img loading=\"lazy\" src=\"https:\/\/blog.joraschky.de\/wp-uploads\/2023\/12\/8G0-035-509-A-Deckel-1024x460.jpg\" alt=\"\" class=\"wp-image-834\" width=\"512\" height=\"230\" srcset=\"https:\/\/blog.joraschky.de\/wp-uploads\/2023\/12\/8G0-035-509-A-Deckel-1024x460.jpg 1024w, https:\/\/blog.joraschky.de\/wp-uploads\/2023\/12\/8G0-035-509-A-Deckel-300x135.jpg 300w, https:\/\/blog.joraschky.de\/wp-uploads\/2023\/12\/8G0-035-509-A-Deckel-768x345.jpg 768w, https:\/\/blog.joraschky.de\/wp-uploads\/2023\/12\/8G0-035-509-A-Deckel-1536x690.jpg 1536w, https:\/\/blog.joraschky.de\/wp-uploads\/2023\/12\/8G0-035-509-A-Deckel-2048x920.jpg 2048w\" sizes=\"(max-width: 512px) 100vw, 512px\" \/><\/a><\/figure>\n\n\n\n<p>Diese Version stellt quasi den Massenartikel unter den FUBA Antennen dar. Man kann davon ausgehen, dass sie ab Werk von 1991 bis mindestens zum Schluss bei FUBA 1997 im Cabrio verbaut wurde und es demnach mehrere zehntausend gegeben hat.  <br>Vermutlich basiert sie auf der <a rel=\"noreferrer noopener\" href=\"https:\/\/blog.joraschky.de\/?page_id=790\" target=\"_blank\">#811 035 509<\/a>, weil es viele \u00c4hnlichkeiten gibt, aber es wurden dann doch einige Dinge ge\u00e4ndert:<\/p>\n\n\n\n<p>Auch hier wird die Antenne von unten durch die Karosserie geschoben, allerdings muss hier vorher eine Gummit\u00fclle von oben eingebracht werden, durch die der Antennenkopf hindurch geschoben wird. Der Kopf hat eine Verdickung, die in der T\u00fclle innen &#8222;einrastet&#8220; und erst mal Halt gibt. <\/p>\n\n\n\n<figure class=\"wp-block-image size-large\"><a href=\"https:\/\/blog.joraschky.de\/wp-uploads\/2023\/12\/20220131_221802-scaled.jpg\"><img loading=\"lazy\" width=\"1024\" height=\"498\" src=\"https:\/\/blog.joraschky.de\/wp-uploads\/2023\/12\/20220131_221802-1024x498.jpg\" alt=\"\" class=\"wp-image-835\" srcset=\"https:\/\/blog.joraschky.de\/wp-uploads\/2023\/12\/20220131_221802-1024x498.jpg 1024w, https:\/\/blog.joraschky.de\/wp-uploads\/2023\/12\/20220131_221802-300x146.jpg 300w, https:\/\/blog.joraschky.de\/wp-uploads\/2023\/12\/20220131_221802-768x373.jpg 768w, https:\/\/blog.joraschky.de\/wp-uploads\/2023\/12\/20220131_221802-1536x747.jpg 1536w, https:\/\/blog.joraschky.de\/wp-uploads\/2023\/12\/20220131_221802-2048x996.jpg 2048w\" sizes=\"(max-width: 1024px) 100vw, 1024px\" \/><\/a><\/figure>\n\n\n\n<p>Die Gummit\u00fclle gibt es bei Audi nicht mehr zu kaufen, die Teilenummer war 893 035 539. Es gibt aber diverse Anbieter, die diese T\u00fclle dem Original nachempfunden mehr oder minder gut nachdrucken. Ich habe mich daf\u00fcr mit <a rel=\"noreferrer noopener\" href=\"https:\/\/www.mn-fahrzeugteile.de\/\" target=\"_blank\">MN Fahrzeugteile<\/a> zusammen getan und ihm f\u00fcr die Nachfertigung meine letzte originale T\u00fclle zur Verf\u00fcgung gestellt.  Ich bin mit dem Ergebnis sehr zufrieden, die f\u00fcr gedruckte Dinge typische &#8222;Riffelung&#8220; f\u00e4llt im eingebauten Zustand nicht mehr so stark ins Gewicht:<\/p>\n\n\n\n<div class=\"wp-block-media-text alignwide has-media-on-the-right is-stacked-on-mobile\"><figure class=\"wp-block-media-text__media\"><img loading=\"lazy\" width=\"1024\" height=\"498\" src=\"https:\/\/blog.joraschky.de\/wp-uploads\/2023\/12\/20230111_192404-1024x498.jpg\" alt=\"\" class=\"wp-image-843 size-full\" srcset=\"https:\/\/blog.joraschky.de\/wp-uploads\/2023\/12\/20230111_192404-1024x498.jpg 1024w, https:\/\/blog.joraschky.de\/wp-uploads\/2023\/12\/20230111_192404-300x146.jpg 300w, https:\/\/blog.joraschky.de\/wp-uploads\/2023\/12\/20230111_192404-768x373.jpg 768w, https:\/\/blog.joraschky.de\/wp-uploads\/2023\/12\/20230111_192404-1536x747.jpg 1536w, https:\/\/blog.joraschky.de\/wp-uploads\/2023\/12\/20230111_192404-2048x996.jpg 2048w\" sizes=\"(max-width: 1024px) 100vw, 1024px\" \/><\/figure><div class=\"wp-block-media-text__content\">\n<p><\/p>\n\n\n\n<p>Winkel und Abma\u00dfe passen sehr gut<\/p>\n<\/div><\/div>\n\n\n\n<div class=\"wp-block-media-text alignwide is-stacked-on-mobile\"><figure class=\"wp-block-media-text__media\"><img loading=\"lazy\" width=\"1024\" height=\"498\" src=\"https:\/\/blog.joraschky.de\/wp-uploads\/2023\/12\/20230111_192359-1024x498.jpg\" alt=\"\" class=\"wp-image-844 size-full\" srcset=\"https:\/\/blog.joraschky.de\/wp-uploads\/2023\/12\/20230111_192359-1024x498.jpg 1024w, https:\/\/blog.joraschky.de\/wp-uploads\/2023\/12\/20230111_192359-300x146.jpg 300w, https:\/\/blog.joraschky.de\/wp-uploads\/2023\/12\/20230111_192359-768x373.jpg 768w, https:\/\/blog.joraschky.de\/wp-uploads\/2023\/12\/20230111_192359-1536x747.jpg 1536w, https:\/\/blog.joraschky.de\/wp-uploads\/2023\/12\/20230111_192359-2048x996.jpg 2048w\" sizes=\"(max-width: 1024px) 100vw, 1024px\" \/><\/figure><div class=\"wp-block-media-text__content\">\n<p>Durchf\u00fchrung und Flexibilit\u00e4t sind auch in Ordnung.<\/p>\n<\/div><\/div>\n\n\n\n<p>Unten wird das Geh\u00e4use dann mittels einer 2-teiligen(!) Halterung an der Karosserie befestigt. <\/p>\n\n\n\n<div class=\"wp-block-media-text alignwide is-stacked-on-mobile\"><figure class=\"wp-block-media-text__media\"><img loading=\"lazy\" width=\"1024\" height=\"711\" src=\"https:\/\/blog.joraschky.de\/wp-uploads\/2023\/12\/8G0-Halterung-1024x711.jpg\" alt=\"\" class=\"wp-image-837 size-full\" srcset=\"https:\/\/blog.joraschky.de\/wp-uploads\/2023\/12\/8G0-Halterung-1024x711.jpg 1024w, https:\/\/blog.joraschky.de\/wp-uploads\/2023\/12\/8G0-Halterung-300x208.jpg 300w, https:\/\/blog.joraschky.de\/wp-uploads\/2023\/12\/8G0-Halterung-768x533.jpg 768w, https:\/\/blog.joraschky.de\/wp-uploads\/2023\/12\/8G0-Halterung-1536x1066.jpg 1536w, https:\/\/blog.joraschky.de\/wp-uploads\/2023\/12\/8G0-Halterung-2048x1422.jpg 2048w\" sizes=\"(max-width: 1024px) 100vw, 1024px\" \/><\/figure><div class=\"wp-block-media-text__content\">\n<p>Das T-St\u00fcck hat am Ende ein kleines Langloch und wird an einem an der Karosserie vorhandenen Gewindestift mittels Mutter befestigt. Der kleine Winkel wird ebenfalls am Geh\u00e4use verschraubt und als Gegenst\u00fcck findet man am Radlauf innen ein Loch an passender Stelle, wo dieser befestigt wird. <\/p>\n<\/div><\/div>\n\n\n\n<p>Leider fehlt dieser Winkel sehr h\u00e4ufig, weil dessen Bedeutung nicht bekannt ist und der einfach beim Ausbau runterf\u00e4llt oder warumauchimmer verloren geht. Er sorgt aber daf\u00fcr, dass die Antenne in Fahrtrichtung gesehen im richtigen Winkel steht. Daher habe ich auch diesen nachfertigen lassen, da man diesen weder einzeln noch als komplette Halterung nachkaufen kann &#8211; w\u00e4re ja auch zu einfach.<\/p>\n\n\n\n<p>Eine weitere \u00c4nderung gegen\u00fcber der #811 ist der Doppelstecker, der hier mit gro\u00dfen Flachsteckern ausgef\u00fchrt ist:<\/p>\n\n\n\n<div class=\"wp-block-media-text alignwide is-stacked-on-mobile\"><figure class=\"wp-block-media-text__media\"><img loading=\"lazy\" width=\"1024\" height=\"805\" src=\"https:\/\/blog.joraschky.de\/wp-uploads\/2023\/12\/Stecker-gross-1024x805.jpg\" alt=\"\" class=\"wp-image-840 size-full\" srcset=\"https:\/\/blog.joraschky.de\/wp-uploads\/2023\/12\/Stecker-gross-1024x805.jpg 1024w, https:\/\/blog.joraschky.de\/wp-uploads\/2023\/12\/Stecker-gross-300x236.jpg 300w, https:\/\/blog.joraschky.de\/wp-uploads\/2023\/12\/Stecker-gross-768x604.jpg 768w, https:\/\/blog.joraschky.de\/wp-uploads\/2023\/12\/Stecker-gross-1536x1208.jpg 1536w, https:\/\/blog.joraschky.de\/wp-uploads\/2023\/12\/Stecker-gross.jpg 1777w\" sizes=\"(max-width: 1024px) 100vw, 1024px\" \/><\/figure><div class=\"wp-block-media-text__content\">\n<p>Der kleine schwarze geht wie immer zum Verst\u00e4rker und versorgt diesen mit Einschaltplus. Die wei\u00dfe Leitung kommt vom Radio und ist intern zum schwarzen Stecker durchverbunden. Das rote Kabel ist Dauerplus.<\/p>\n<\/div><\/div>\n\n\n\n<p>Masse f\u00fcr den Antrieb kommt hier \u00fcber die Halterung, die f\u00fcr den Verst\u00e4rker muss oben mit einem separaten Kabel (siehe oberes Bild) an der Karosserie befestigt werden. Fehlt das Kabel, funktioniert der Verst\u00e4rker nicht!<\/p>\n","protected":false},"excerpt":{"rendered":"<p>Audi Cabriolet Typ 89 Diese Version stellt quasi den Massenartikel unter den FUBA Antennen dar. Man kann davon ausgehen, dass sie ab Werk von 1991 bis mindestens zum Schluss bei FUBA 1997 im Cabrio verbaut wurde und es demnach mehrere zehntausend gegeben hat. Vermutlich basiert sie auf der #811 035 509, weil es viele \u00c4hnlichkeiten &hellip; <a href=\"https:\/\/blog.joraschky.de\/?page_id=832\" class=\"more-link\"><span class=\"screen-reader-text\">#8G0 035 509<\/span> weiterlesen <span class=\"meta-nav\">&rarr;<\/span><\/a><\/p>\n","protected":false},"author":1,"featured_media":838,"parent":0,"menu_order":0,"comment_status":"closed","ping_status":"closed","template":"","meta":[],"_links":{"self":[{"href":"https:\/\/blog.joraschky.de\/index.php?rest_route=\/wp\/v2\/pages\/832"}],"collection":[{"href":"https:\/\/blog.joraschky.de\/index.php?rest_route=\/wp\/v2\/pages"}],"about":[{"href":"https:\/\/blog.joraschky.de\/index.php?rest_route=\/wp\/v2\/types\/page"}],"author":[{"embeddable":true,"href":"https:\/\/blog.joraschky.de\/index.php?rest_route=\/wp\/v2\/users\/1"}],"replies":[{"embeddable":true,"href":"https:\/\/blog.joraschky.de\/index.php?rest_route=%2Fwp%2Fv2%2Fcomments&post=832"}],"version-history":[{"count":6,"href":"https:\/\/blog.joraschky.de\/index.php?rest_route=\/wp\/v2\/pages\/832\/revisions"}],"predecessor-version":[{"id":846,"href":"https:\/\/blog.joraschky.de\/index.php?rest_route=\/wp\/v2\/pages\/832\/revisions\/846"}],"wp:featuredmedia":[{"embeddable":true,"href":"https:\/\/blog.joraschky.de\/index.php?rest_route=\/wp\/v2\/media\/838"}],"wp:attachment":[{"href":"https:\/\/blog.joraschky.de\/index.php?rest_route=%2Fwp%2Fv2%2Fmedia&parent=832"}],"curies":[{"name":"wp","href":"https:\/\/api.w.org\/{rel}","templated":true}]}}