{"id":744,"date":"2020-05-28T21:30:56","date_gmt":"2020-05-28T19:30:56","guid":{"rendered":"https:\/\/blog.joraschky.de\/?page_id=744"},"modified":"2020-05-28T21:37:06","modified_gmt":"2020-05-28T19:37:06","slug":"auf-einem-auge-bloed","status":"publish","type":"page","link":"https:\/\/blog.joraschky.de\/?page_id=744","title":{"rendered":"Auf einem Auge bl\u00f6d"},"content":{"rendered":"\n<p>Es gibt ja so Dinge, die braucht man so dringend wie ein Loch im Kopf. Darunter fallen f\u00fcr mich Sachen wie  Lohnsteuervorauszahlungen, Defekte aller Art oder wie neulich eine Augeninfektion.<\/p>\n\n\n\n<p>Die Experten prognostizieren ein weiteres Mal das w\u00e4rmste Jahr seit Menschengedenken &#8211; oder zumindest seit Beginn der Wetteraufzeichnung 1781 (laut Wikipedia). Tats\u00e4chlich war der Start in das Jahr ungew\u00f6hnlich warm und so war auch der April deutlich zu trocken. Das ist f\u00fcr die Natur doof, aber f\u00fcr jegliche Drau\u00dfenaktivit\u00e4t nat\u00fcrlich schwer angenehm &#8211; insbesondere vor dem Hintergrund der allgegenw\u00e4rtigen Pandemie, die jegliche sportlichen Indooraktivit\u00e4ten zu dem Zeitpunkt verbot. Also war ich spazierenrennen (Walken mit ohne St\u00f6cke, daf\u00fcr mit Hund), Mountainbiken und nat\u00fcrlich Cabrio fahren. Da nach dem Lasereingriff meine Augen sowieso schon trockener waren als ohnehin schon, gepaart mit meiner latent zu gering vorhandenen Tr\u00e4nenfl\u00fcssigkeit, f\u00fchrte das unweigerlich zu gereizten und ger\u00f6teten Augen. W\u00e4hrend sich die zun\u00e4chst mit h\u00e4ufigerem Tropfen der Augen wieder revidieren lie\u00dfen, wurde mein rechtes Auge einige Tage sp\u00e4ter schon wieder rot, aber mal so richtig &#8230; also nicht Zombielike blutunterlaufen, aber schon eher unansehnlich.<\/p>\n\n\n\n<p>Und da das trotz intensiver Augentropfenpflege nach zwei Tagen immer noch nicht besser wurde, f\u00fchrte mich mein n\u00e4chster Weg zum Augenarzt meines Vertrauens, der dann auch eine Infektion feststellte.  Ich hatte ja schon mal erw\u00e4hnt, dass mit meinen Augen leicht unterschiedlich in die Ferne schauen kann und von einem Schleier berichtet. Letzterer ist deutlich vermindert &#8211; ob nun dadurch, dass die Reste in der Hornhaut nun resorbiert sind oder weil sich mein Gehirn daran gew\u00f6hnt hat und den nun ausblendet &#8211; er hat sich grundlegend nach und nach vermindert.<br>Ersterer Unterschied ist geblieben, allerdings bewirkte die Infektion einen sehr unangenehmen  Nebeneffekt: Ich hatte das Gef\u00fchl, auf dem rechten Auge wieder kurzsichtig zu sein, was sich auch an der Lesetafel beim Augenarzt deutlich zeigte. W\u00e4hrend ich mit dem linken Auge schon auf ann\u00e4hernd 100% Sehsch\u00e4rfe kam, reichte es beim rechten mit M\u00fche und Not f\u00fcr 80%. Daf\u00fcr konnte ich Dinge besser in der N\u00e4he entziffern und bekam so einen sehr deutlichen Eindruck dessen, was ich auf keinen Fall wollte:<br>Mit dem einen Auge in der Ferne scharf sehen, mit dem anderen in der N\u00e4he. Ja, es stimmt, das Gehirn besitzt unglaubliche F\u00e4higkeiten und schafft es, trotzdem ein mehr oder minder klares Bild zusammen zu setzen. Aber es ist ebenso unglaublich nervt\u00f6tend &#8211; weil man weder in der N\u00e4he, noch in der Ferne wirklich richtig fokussieren kann. Wenn man sich dann noch vor Augen h\u00e4lt, dass die Altersweitsicht ein kontinuierlicher, nicht aufzuhaltender Prozess ist, dann mag ich mir gar nicht vorstellen, wie das sein muss, wenn man die Augen unterschiedlich lasern l\u00e4sst, um dann irgendwann genau meinen tempor\u00e4ren Effekt f\u00fcr immer zu haben: Weder noch gut schauen zu k\u00f6nnen. Und daf\u00fcr dann das nicht gerade unbetr\u00e4chtliche Scherflein f\u00fcr die OP zu zahlen?  Ich wei\u00df nicht &#8230;<\/p>\n\n\n\n<p>Grundlegend bleibe ich bei meiner Auffassung, dass die OP genau die richtige Idee zur richtigen Zeit war &#8211; die neu gewonnene Freiheit, was man alles OHNE Brille machen kann, ist einfach enorm.  Aktuell bin ich nun 14 Wochen ohne und kann sagen, ich m\u00f6chte das nicht mehr missen. Man gew\u00f6hnt sich an viele Dinge, die man ohne Brille machen kann &#8211; man gew\u00f6hnt sich genauso an die Nutzung einer Lesebrille, weil sie einfach in vielen Situationen hilfreich ist . Und letztlich ist es in Zeiten der Nase-Mund-Maskenpflicht ein unsch\u00e4tzbarer Vorteil, wenn man keine Brille tragen muss, die ansonsten beschlagen w\u00fcrde &#8211; und dann ist man st\u00e4ndig auf beiden Augen bl\u00f6d \ud83d\ude09<\/p>\n\n\n<p><!--EndFragment--><\/p>","protected":false},"excerpt":{"rendered":"<p>Es gibt ja so Dinge, die braucht man so dringend wie ein Loch im Kopf. Darunter fallen f\u00fcr mich Sachen wie Lohnsteuervorauszahlungen, Defekte aller Art oder wie neulich eine Augeninfektion. Die Experten prognostizieren ein weiteres Mal das w\u00e4rmste Jahr seit Menschengedenken &#8211; oder zumindest seit Beginn der Wetteraufzeichnung 1781 (laut Wikipedia). Tats\u00e4chlich war der Start &hellip; <a href=\"https:\/\/blog.joraschky.de\/?page_id=744\" class=\"more-link\"><span class=\"screen-reader-text\">Auf einem Auge bl\u00f6d<\/span> weiterlesen <span class=\"meta-nav\">&rarr;<\/span><\/a><\/p>\n","protected":false},"author":2,"featured_media":0,"parent":0,"menu_order":0,"comment_status":"closed","ping_status":"closed","template":"","meta":[],"_links":{"self":[{"href":"https:\/\/blog.joraschky.de\/index.php?rest_route=\/wp\/v2\/pages\/744"}],"collection":[{"href":"https:\/\/blog.joraschky.de\/index.php?rest_route=\/wp\/v2\/pages"}],"about":[{"href":"https:\/\/blog.joraschky.de\/index.php?rest_route=\/wp\/v2\/types\/page"}],"author":[{"embeddable":true,"href":"https:\/\/blog.joraschky.de\/index.php?rest_route=\/wp\/v2\/users\/2"}],"replies":[{"embeddable":true,"href":"https:\/\/blog.joraschky.de\/index.php?rest_route=%2Fwp%2Fv2%2Fcomments&post=744"}],"version-history":[{"count":2,"href":"https:\/\/blog.joraschky.de\/index.php?rest_route=\/wp\/v2\/pages\/744\/revisions"}],"predecessor-version":[{"id":747,"href":"https:\/\/blog.joraschky.de\/index.php?rest_route=\/wp\/v2\/pages\/744\/revisions\/747"}],"wp:attachment":[{"href":"https:\/\/blog.joraschky.de\/index.php?rest_route=%2Fwp%2Fv2%2Fmedia&parent=744"}],"curies":[{"name":"wp","href":"https:\/\/api.w.org\/{rel}","templated":true}]}}