{"id":664,"date":"2020-04-06T11:42:24","date_gmt":"2020-04-06T09:42:24","guid":{"rendered":"https:\/\/blog.joraschky.de\/?page_id=664"},"modified":"2020-04-06T12:52:36","modified_gmt":"2020-04-06T10:52:36","slug":"its-getting-better-all-the-time-der-erste-monat","status":"publish","type":"page","link":"https:\/\/blog.joraschky.de\/?page_id=664","title":{"rendered":"It&#8217;s getting better all the time &#8230; der erste Monat"},"content":{"rendered":"\n<p>Wer kennt nicht den legend\u00e4ren Song der Beatles <a rel=\"noreferrer noopener\" aria-label=\"&quot;Getting Better&quot; (\u00f6ffnet in neuem Tab)\" href=\"https:\/\/youtu.be\/EGlo9LzmOME\" target=\"_blank\">&#8222;Getting Better&#8220;<\/a>? Diese Textzeile umschreibt am treffendsten, was sich in den vergangenen viereinhalb Wochen abgespielt hat. Die Entwicklung ist &#8211; wie zu erwarten war &#8211; mit fortschreitender Dauer l\u00e4ngst nicht mehr so rasant, es stellen sich einfach immer mehr Selbstverst\u00e4ndlichkeiten ein, kurz: <br><br>Sehen ohne Brille wird langsam, aber sicher, Normalit\u00e4t.  <\/p>\n\n\n\n<p>Ob man nun morgens beim Spaziergang trotz Regen noch alles sieht oder im B\u00fcro am Bildschirm alles lesen kann oder wenn man einfach mal eine Sonnenbrille aufsetzt &#8211; alles mittlerweile Alltag. Auch der Griff zur Lesebrille geht langsam in Fleisch und Blut \u00fcber. Davon sind \u00fcbrigens mehrere der Einfachheit halber strategisch im Haus verteilt: <\/p>\n\n\n\n<p>&#8211; Im Badezimmer f\u00fcr die Morgentoilette<\/p>\n\n\n\n<p>&#8211; Auf dem Nachttisch, damit man im Bett lesen kann (Ja, auch wenn der Arm eigentlich noch ausreicht, es ist doch einfacher und weniger anstrengend, zumal bei dunkleren Lichtverh\u00e4ltnissen) <\/p>\n\n\n\n<p>&#8211; und nat\u00fcrlich eine transportabel verpackte Lesebrille f\u00fcr alle Gelegenheiten, f\u00fcr wenn man mal das Haus verl\u00e4sst<\/p>\n\n\n\n<p>Ich setze als Lesebrille nach wie vor die simplen Dinger aus der Drogerie ein, da meine Sehkraft quasi noch nicht das &#8222;Endstadium&#8220; erreicht hat. Und daher macht es aktuell noch wenig Sinn, sich vom Spezialisten eine ma\u00dfschneidern zu lassen. Aber, das kommt noch, denn ich merke, dass diese Billigdinger nat\u00fcrlich auch nur billiges Glas verbaut haben. Wobei das mit geschliffenen Glas vermutlich so viel zu tun hat wie VW mit sauberen Dieseln &#8211; gewollt, aber nur bedingt gekonnt.<\/p>\n\n\n\n<p>Abgesehen davon bin ich unheimlich froh, dass ich die OP unwissentlich noch zum passenden Zeitpunkt habe durchf\u00fchren lassen. Jetzt &#8211; April 2020 &#8211; sitze ich seit einer Woche im Haus fest, weil ein Familienmitglied neben einer Kollegin gesessen hat, die vor eineinhalb Wochen positiv von das Virus getestet wurde. Ich wei\u00df nicht, ob ich f\u00fcr die notwendigen Nachuntersuchungen eine Sondergenehmigung vom Gesundheitsamt erhalten h\u00e4tte, aber zum Gl\u00fcck brauche ich die auch nicht, wenn nicht noch jemand Symptome ausbr\u00fctet. Aber danach sieht es momentan nicht aus &#8211; alle sind wohlauf und gesund.<br><br>Die n\u00e4chste Untersuchung, dann regul\u00e4r bei meinem Augenarzt, findet am 16. April (und damit 6 Wochen nach der OP) statt. Ich bin gespannt, was er zum Ergebnis sagt &#8211; er war letztlich einer der Ausl\u00f6ser, dass ich mich f\u00fcr das Lasern tats\u00e4chlich intensiver interessiert habe. Nach wie vor sehe ich mit dem rechten Auge sch\u00e4rfer, egal bei welcher Entfernung, aber wie so oft gilt &#8222;Die Mischung macht&#8217;s&#8220; &#8211; mit dem linken Auge zeigt sich ein deutlicherer Schleier, mit dem rechten etwas mehr Sch\u00e4rfe &#8211; und zusammen ergibt sich ein Bild, mit dem man auch jetzt schon absolut leben kann. Die Tr\u00e4nenersatzfl\u00fcssigkeit wird \u00fcbrigens zunehmend fl\u00fcssiger als fl\u00fcssig, n\u00e4mlich immer \u00f6fter \u00fcberfl\u00fcssig . Na gut, es ist nat\u00fcrlich stark abh\u00e4ngig von der akuellen T\u00e4tigkeit:<br>Wenn ich am Bildschirm sitze und man naturgem\u00e4\u00df weniger mit den Augen klimpert, dann nutze ich die schon noch \u00f6fter, aber das Trockenheitsgef\u00fchl hat generell schon etwas nachgelassen, so dass ich teilweise schon bewusst daran denken muss, die noch in die Augen zu tr\u00e4ufeln. Aber, wie sagte Frau Rost: &#8220; Das ist wie Handcreme: Pflege f\u00fcr die Augen&#8220;. Und sich selber pflegen? Es gibt schlimmere Dinge \ud83d\ude09  <\/p>\n","protected":false},"excerpt":{"rendered":"<p>Wer kennt nicht den legend\u00e4ren Song der Beatles &#8222;Getting Better&#8220;? Diese Textzeile umschreibt am treffendsten, was sich in den vergangenen viereinhalb Wochen abgespielt hat. Die Entwicklung ist &#8211; wie zu erwarten war &#8211; mit fortschreitender Dauer l\u00e4ngst nicht mehr so rasant, es stellen sich einfach immer mehr Selbstverst\u00e4ndlichkeiten ein, kurz: Sehen ohne Brille wird langsam, &hellip; <a href=\"https:\/\/blog.joraschky.de\/?page_id=664\" class=\"more-link\"><span class=\"screen-reader-text\">It&#8217;s getting better all the time &#8230; der erste Monat<\/span> weiterlesen <span class=\"meta-nav\">&rarr;<\/span><\/a><\/p>\n","protected":false},"author":2,"featured_media":0,"parent":0,"menu_order":0,"comment_status":"closed","ping_status":"closed","template":"","meta":[],"_links":{"self":[{"href":"https:\/\/blog.joraschky.de\/index.php?rest_route=\/wp\/v2\/pages\/664"}],"collection":[{"href":"https:\/\/blog.joraschky.de\/index.php?rest_route=\/wp\/v2\/pages"}],"about":[{"href":"https:\/\/blog.joraschky.de\/index.php?rest_route=\/wp\/v2\/types\/page"}],"author":[{"embeddable":true,"href":"https:\/\/blog.joraschky.de\/index.php?rest_route=\/wp\/v2\/users\/2"}],"replies":[{"embeddable":true,"href":"https:\/\/blog.joraschky.de\/index.php?rest_route=%2Fwp%2Fv2%2Fcomments&post=664"}],"version-history":[{"count":10,"href":"https:\/\/blog.joraschky.de\/index.php?rest_route=\/wp\/v2\/pages\/664\/revisions"}],"predecessor-version":[{"id":677,"href":"https:\/\/blog.joraschky.de\/index.php?rest_route=\/wp\/v2\/pages\/664\/revisions\/677"}],"wp:attachment":[{"href":"https:\/\/blog.joraschky.de\/index.php?rest_route=%2Fwp%2Fv2%2Fmedia&parent=664"}],"curies":[{"name":"wp","href":"https:\/\/api.w.org\/{rel}","templated":true}]}}