{"id":630,"date":"2020-03-12T22:44:37","date_gmt":"2020-03-12T20:44:37","guid":{"rendered":"https:\/\/blog.joraschky.de\/?page_id=630"},"modified":"2020-03-12T22:44:37","modified_gmt":"2020-03-12T20:44:37","slug":"schatz-wie-war-deine-woche","status":"publish","type":"page","link":"https:\/\/blog.joraschky.de\/?page_id=630","title":{"rendered":"Schatz &#8211; wie war deine Woche?"},"content":{"rendered":"\n<p>Heute ist es eine Woche her, dass ich quasi neue Augen bekommen habe. 1 Woche = 7 Tage = 168 Stunden &#8230;  und diese paar Stunden sind es, die mich eigentlich faszinieren &#8211; zu welchen Leistungen der menschliche K\u00f6rper f\u00e4hig ist:<\/p>\n\n\n\n<p>\u2022 Rund 17 Stunden nach der OP war der kleine Schnitt, den der Laser in  die Hornhaut einbringen muss, bereits geschlossen.<\/p>\n\n\n\n<p>\u2022 Weitere 24 Stunden sp\u00e4ter l\u00fcftet sich der Schleier schon merklich, so dass man einen ersten ernsthaften Eindruck bekommt, was einen nach der Ausheilung erwartet  <\/p>\n\n\n\n<p>\u2022 Im Grunde genommen kann man fast st\u00fcndlich \u00c4nderungen bemerken, auch wenn die nicht immer zum positiven ausgerichtet sind, letztlich aber alle zum Heilungsprozess geh\u00f6ren.<\/p>\n\n\n\n<p>Ich versuche mal, die Adjektive aufzulisten, die meine Eindr\u00fccke  in dieser Woche  am besten beschreiben:<br><strong>Nerv\u00f6s, aufgeregt, neugierig, erstaunt, m\u00fcde, angestrengt, ern\u00fcchtert, optimistisch, frustriert, genervt, beeindruckt, begeistert <\/strong>&#8211; ungef\u00e4hr in dieser Reihenfolge st\u00fcrmte alles auf mich ein. <\/p>\n\n\n\n<p>Ich war <strong>nerv\u00f6s <\/strong>und <strong>aufgeregt<\/strong>, weil ich trotz aller Vorbereitung nat\u00fcrlich nicht wusste, worauf ich mich letzten Endes einlasse. Nat\u00fcrlich kann man bei der OP erblinden oder sich eine fiese Infektion einfangen. Aber man geht auch jeden Tag ein Risiko ein, wenn man nur das Haus verl\u00e4sst. Man k\u00f6nnte einen Unfall haben oder einfach auch nur mit dummen Menschen  konfrontiert werden. Bei dieser OP winkt aber als Gewinn ein Leben ohne Brille &#8211; zumindest f\u00fcr den gr\u00f6\u00dften Teil des Tages &#8211; und darauf war ich nat\u00fcrlich <strong>neugierig<\/strong>.<\/p>\n\n\n\n<p>Mein <strong>Erstaunen <\/strong>basiert auf der Erkenntnis, dass der eigentliche Eingriff tats\u00e4chlich innerhalb von Minuten vorbei ist und man direkt danach tats\u00e4chlich ohne Brille aus dem Haus geht. Also wirklich direkt danach &#8211; der Doktor sagt, dass alles gut verlaufen ist ZACK Erinnerungsphoto ZACK Verabschiedung ZACK &#8222;Machen Sie&#8217;s gut&#8220; \ud83d\ude09 <\/p>\n\n\n\n<p>Da man aber nicht wirklich gut sieht, da sich dieser Schleier auf die Augen gelegt hat, ist <strong>M\u00fcdigkeit <\/strong>einer der Haupteffekte des Eingriffs &#8211; mit deutlich verringertem Kontrast und eingeschr\u00e4nkter Sch\u00e4rfe etwas anschauen, lesen (insbesondere auf Bildschirmen) oder einen Blog beginnen, <strong>strengt <\/strong>tats\u00e4chlich ziemlich <strong>an<\/strong>.<\/p>\n\n\n\n<p>Danach tritt eine gewisse <strong>Ern\u00fcchterung <\/strong>ein, weil das dann doch alles nicht so schnell geht, wie man das eigentlich erhofft hat &#8211; obwohl die Entwicklung streng genommen rasant ist. Die zweite Nachuntersuchung (Dienstag morgen halb neun) hinterlie\u00df daher auch ein sehr <strong>optimistisches <\/strong>Gef\u00fchl. Frau Rost lie\u00df mich in diverse Ger\u00e4te schauen und f\u00fchrte Tests durch &#8211; Frau Dr. Grigat untersuchte anschlie\u00dfend mit der h\u00e4sslichen Spaltlampe meine Augen und meinte <br>&#8222;Ja, die OP ist ja nun auch eine Woche her &#8230;&#8220;<br>&#8222;Nein, die war Donnerstag, das sind dann gerade mal gut viereinhalb Tage&#8220;<br>&#8222;Ach ja richtig, aber das macht die Ergebnisse nur umso besser :-)&#8220;<\/p>\n\n\n\n<p>Auf den Bildern konnte man klar sehen &#8211; dass man vom Lasern NICHTS sieht. Einzig die nat\u00fcrlichen Falten der Iris sind erkennbar. Und wenn man genau hinschaut und die passende Vergr\u00f6\u00dferung gew\u00e4hlt hat, dann sieht man auch den &#8222;Riss&#8220;, der schon weit abgeheilt ist.  S\u00e4mtliche Ergebnisse waren gem\u00e4\u00df den Erwartungen der Profis , die Entwicklung mehr als bilderbuchm\u00e4\u00dfig. Aber &#8211; Dienstag war gleichzeitig auch der letzte Tag f\u00fcr die therapeutischen Tropfen und man sagte mir voraus, dass es dann leider nochmal f\u00fcr ein bis zwei Tage schlechter werden w\u00fcrde, weil sich durch das Absetzen nochmal eine Ver\u00e4nderung in der Produktion der Tr\u00e4nenfl\u00fcssigkeit ergeben w\u00fcrde.<\/p>\n\n\n\n<p>Oh ja, Mittwoch war echt kein Spa\u00df!  Von den vorherigen Tagen war ich ja schon gewohnt, dass meine Augen morgens Startschwierigkeiten haben und einige Zeit brauchen, um sich auf mehr oder weniger scharf einzustellen.  Das ist im Normalfall schon <strong>frustrierend <\/strong>genug, vor allem, wenn man am Computer sitzen muss, weil man einfach viel Arbeit zu erledigen hat. <br>Aber an diesem Tag kamen die so gar nicht auf Touren, ich hatte gef\u00fchlt alle zwanzig Minuten das Bed\u00fcrfnis, Tr\u00e4nenersatzfl\u00fcssigkeit in meine Augen zu tr\u00e4ufeln und der damit gewonnene Effekt war immer nur recht kurzweilig &#8211; also absolut kontr\u00e4r zu meinem Tag, der sich scheu\u00dflich in die L\u00e4nge zog und eigentlich erst gut wurde, als ich mit geschlossenen Augen im Bett lag. So ein Tag zerrt ganz schon an den <strong>Nerven<\/strong>.<\/p>\n\n\n\n<p>Was mich zum heutigen Tag bringt &#8211; von dem ich zumindest visuell absolut <strong>begeistert <\/strong>bin. Der Schleier hat \u00fcber Nacht nochmal nachgelassen, die Tropfen halten zwischendurch schon l\u00e4nger als eine Stunde und die Sicht &#8211; ja, die SICHT ist \u00fcber den Tag gesehen schon sehr beeindruckend. In manchen Situationen f\u00e4llt der Schleier schon fast nicht mehr auf, man sieht alles scharf und ich habe tats\u00e4chlich oft nicht an meine fehlende Brille gedacht. Nicht, dass wir uns jetzt falsch verstehen: Das Sehverm\u00f6gen schwankt deutlich, aber in der Summe ist das schon gar nicht schlecht.<\/p>\n\n\n\n<p>Von daher bin ich auch und vor allem  beeindruckt, was heutzutage medizinisch m\u00f6glich ist und was der K\u00f6rper so alles kann. Und auch wenn ich damit ein Klischee bediene &#8211; es ist ein St\u00fcck Freiheit, was man im Austausch f\u00fcr Geld erh\u00e4lt. Und das ist ja bekanntlich nicht weg, das hat nur jemand anderes \ud83d\ude09<\/p>\n","protected":false},"excerpt":{"rendered":"<p>Heute ist es eine Woche her, dass ich quasi neue Augen bekommen habe. 1 Woche = 7 Tage = 168 Stunden &#8230; und diese paar Stunden sind es, die mich eigentlich faszinieren &#8211; zu welchen Leistungen der menschliche K\u00f6rper f\u00e4hig ist: \u2022 Rund 17 Stunden nach der OP war der kleine Schnitt, den der Laser &hellip; <a href=\"https:\/\/blog.joraschky.de\/?page_id=630\" class=\"more-link\"><span class=\"screen-reader-text\">Schatz &#8211; wie war deine Woche?<\/span> weiterlesen <span class=\"meta-nav\">&rarr;<\/span><\/a><\/p>\n","protected":false},"author":2,"featured_media":0,"parent":0,"menu_order":0,"comment_status":"closed","ping_status":"closed","template":"","meta":[],"_links":{"self":[{"href":"https:\/\/blog.joraschky.de\/index.php?rest_route=\/wp\/v2\/pages\/630"}],"collection":[{"href":"https:\/\/blog.joraschky.de\/index.php?rest_route=\/wp\/v2\/pages"}],"about":[{"href":"https:\/\/blog.joraschky.de\/index.php?rest_route=\/wp\/v2\/types\/page"}],"author":[{"embeddable":true,"href":"https:\/\/blog.joraschky.de\/index.php?rest_route=\/wp\/v2\/users\/2"}],"replies":[{"embeddable":true,"href":"https:\/\/blog.joraschky.de\/index.php?rest_route=%2Fwp%2Fv2%2Fcomments&post=630"}],"version-history":[{"count":10,"href":"https:\/\/blog.joraschky.de\/index.php?rest_route=\/wp\/v2\/pages\/630\/revisions"}],"predecessor-version":[{"id":643,"href":"https:\/\/blog.joraschky.de\/index.php?rest_route=\/wp\/v2\/pages\/630\/revisions\/643"}],"wp:attachment":[{"href":"https:\/\/blog.joraschky.de\/index.php?rest_route=%2Fwp%2Fv2%2Fmedia&parent=630"}],"curies":[{"name":"wp","href":"https:\/\/api.w.org\/{rel}","templated":true}]}}