{"id":549,"date":"2020-03-07T18:35:44","date_gmt":"2020-03-07T16:35:44","guid":{"rendered":"https:\/\/blog.joraschky.de\/?page_id=549"},"modified":"2020-03-12T10:14:02","modified_gmt":"2020-03-12T08:14:02","slug":"kurzsichtzigkeit-sorgen-noete-und-probleme","status":"publish","type":"page","link":"https:\/\/blog.joraschky.de\/?page_id=549","title":{"rendered":"Kurzsichtigkeit &#8211; Sorgen, N\u00f6te und Probleme"},"content":{"rendered":"\n<p><br>Die Geschichte nimmt ihren Anfang irgendwann in den Siebzigern. Der kleine Junge soll in der Schule was lernen, sieht aber nicht so richtig, was da auf der Tafel geschrieben steht.  Der daraufhin konsultierte Augenarzt best\u00e4tigt eine bestehende Kurzsichtigkeit und attestiert, dass die kontinuierlich schlimmer und irgendwo Richtung -4 Dioptrien enden wird.<\/p>\n\n\n\n<p>An die <strong>nicht <\/strong>Fehlsichtigen unter uns:<br>Das bedeutet in etwa, dass man dann ab ca. 20-25 cm nicht mehr scharf sieht. Das gilt allerdings nur so lange, wie man noch nicht die Vierzig \u00fcberschritten hat und die Natur unbarmherzig in Form einer immer unflexibleren Linse zuschl\u00e4gt.    <\/p>\n\n\n\n<p>Fr\u00fcher habe ich ja immer die alten Menschen bel\u00e4chelt, wenn die ihre Brille angehoben haben, um Dinge dann in der N\u00e4he lesen zu k\u00f6nnen. Die waren ja aus meiner damaligen Sicht uralt &#8211; diese Verhaltensweise musste also im biblischen Alter wahrscheinlich so sein, wenn man kurz vor scheintot ist. <br>Und immer dann, wenn man gro\u00dfe Klappe hat, kommt das als Bumerang zu einem selbst zur\u00fcck: Mit Schlag Vierzig begann dieser Prozess  der sogenannten &#8222;Altersweitsichtigkeit&#8220; auch bei mir. Fuck! Jetzt bin ich also selber alt!<\/p>\n\n\n\n<p>Wenn man nun aber Dinge nicht wahrhaben will, weil man ja eigentlich noch jung ist &#8211; ich hatte doch gerade erst Abitur gemacht, geheiratet, studiert, Kinder bekommen, einen neuen Job begonnen, ein Haus gekauft, ein Auto restauriert &#8211; dann kann man doch unm\u00f6glich schon so alt sein, dass man jetzt zu dieser Bev\u00f6lkerungsgruppe mit hochgehaltener Brille geh\u00f6rt. Folglich habe ich meinen langj\u00e4hrig befreundeten Optiker (<a href=\"https:\/\/www.brillenwerker.de\/\" target=\"_blank\" rel=\"noreferrer noopener\" aria-label=\" (\u00f6ffnet in neuem Tab)\">Der Brillenwerker<\/a>) dazu befragt, was man machen kann. Mario Gonzales versorgt mich schon seit Jahrzehnten mit Brillen und ist bei der Untersuchung \u00e4u\u00dferst gr\u00fcndlich und gewissenhaft. Und so erz\u00e4hlte er mir, dass er mich nun willkommen im Club hei\u00dfe und ich schon mal \u00fcber eine Gleitsichtbrille nachdenken solle.<\/p>\n\n\n\n<p>Aber weil ich ein Dicksch\u00e4del bin, mache ich ja schon mal ganz lange nicht, was andere mir sagen, nur weil das vielleicht sinnvoll und richtig ist &#8230;<br>Nein, ich habe mich in den folgenden Jahren immer mehr damit rumge\u00e4rgert, das ich nun also nicht nur <strong>ohne <\/strong>Brille nichts in der Ferne sehen kann, sondern auch <strong>mit <\/strong>Brille in der N\u00e4he nicht mehr gescheit. Es f\u00fchrte anfangs manchmal, aber mit kontinuierlich ansteigender Tendenz zu akustischen Ausbr\u00fcchen, die auch meine Nachbarn zwei H\u00e4user weiter ohne Probleme mitschreiben konnten.  Und irgendwann kommt auch der gemeine Westfale zu der Einsicht, dass man nun genug rumgeeiert hat und endlich eine Entscheidung herbei gef\u00fchrt werden MUSS!<\/p>\n\n\n<p><!--EndFragment--><\/p>\n<p><\/p>","protected":false},"excerpt":{"rendered":"<p>Die Geschichte nimmt ihren Anfang irgendwann in den Siebzigern. Der kleine Junge soll in der Schule was lernen, sieht aber nicht so richtig, was da auf der Tafel geschrieben steht. Der daraufhin konsultierte Augenarzt best\u00e4tigt eine bestehende Kurzsichtigkeit und attestiert, dass die kontinuierlich schlimmer und irgendwo Richtung -4 Dioptrien enden wird. An die nicht Fehlsichtigen &hellip; <a href=\"https:\/\/blog.joraschky.de\/?page_id=549\" class=\"more-link\"><span class=\"screen-reader-text\">Kurzsichtigkeit &#8211; Sorgen, N\u00f6te und Probleme<\/span> weiterlesen <span class=\"meta-nav\">&rarr;<\/span><\/a><\/p>\n","protected":false},"author":2,"featured_media":0,"parent":546,"menu_order":10,"comment_status":"closed","ping_status":"closed","template":"page-templates\/full-width.php","meta":[],"_links":{"self":[{"href":"https:\/\/blog.joraschky.de\/index.php?rest_route=\/wp\/v2\/pages\/549"}],"collection":[{"href":"https:\/\/blog.joraschky.de\/index.php?rest_route=\/wp\/v2\/pages"}],"about":[{"href":"https:\/\/blog.joraschky.de\/index.php?rest_route=\/wp\/v2\/types\/page"}],"author":[{"embeddable":true,"href":"https:\/\/blog.joraschky.de\/index.php?rest_route=\/wp\/v2\/users\/2"}],"replies":[{"embeddable":true,"href":"https:\/\/blog.joraschky.de\/index.php?rest_route=%2Fwp%2Fv2%2Fcomments&post=549"}],"version-history":[{"count":7,"href":"https:\/\/blog.joraschky.de\/index.php?rest_route=\/wp\/v2\/pages\/549\/revisions"}],"predecessor-version":[{"id":634,"href":"https:\/\/blog.joraschky.de\/index.php?rest_route=\/wp\/v2\/pages\/549\/revisions\/634"}],"up":[{"embeddable":true,"href":"https:\/\/blog.joraschky.de\/index.php?rest_route=\/wp\/v2\/pages\/546"}],"wp:attachment":[{"href":"https:\/\/blog.joraschky.de\/index.php?rest_route=%2Fwp%2Fv2%2Fmedia&parent=549"}],"curies":[{"name":"wp","href":"https:\/\/api.w.org\/{rel}","templated":true}]}}